{"id":13,"date":"2020-06-08T14:52:46","date_gmt":"2020-06-08T12:52:46","guid":{"rendered":"https:\/\/www.mariagerter.com\/?page_id=13"},"modified":"2021-03-01T20:49:27","modified_gmt":"2021-03-01T19:49:27","slug":"vita","status":"publish","type":"page","link":"https:\/\/www.mariagerter.com\/en\/vita\/","title":{"rendered":"Vita"},"content":{"rendered":"<div data-elementor-type=\"wp-page\" data-elementor-id=\"13\" class=\"elementor elementor-13\" data-elementor-settings=\"[]\">\n\t\t\t\t\t\t<div class=\"elementor-inner\">\n\t\t\t\t\t\t\t<div class=\"elementor-section-wrap\">\n\t\t\t\t\t\t\t<section class=\"elementor-section elementor-top-section elementor-element elementor-element-31d2802 elementor-section-boxed elementor-section-height-default elementor-section-height-default\" data-id=\"31d2802\" data-element_type=\"section\" data-settings=\"{&quot;background_background&quot;:&quot;classic&quot;}\">\n\t\t\t\t\t\t<div class=\"elementor-container elementor-column-gap-default\">\n\t\t\t\t\t\t\t<div class=\"elementor-row\">\n\t\t\t\t\t<div class=\"elementor-column elementor-col-50 elementor-top-column elementor-element elementor-element-f61f9b3\" data-id=\"f61f9b3\" data-element_type=\"column\">\n\t\t\t<div class=\"elementor-column-wrap elementor-element-populated\">\n\t\t\t\t\t\t\t<div class=\"elementor-widget-wrap\">\n\t\t\t\t\t\t<div class=\"elementor-element elementor-element-f1dbcda elementor-hidden-desktop elementor-hidden-tablet elementor-widget elementor-widget-image\" data-id=\"f1dbcda\" data-element_type=\"widget\" data-widget_type=\"image.default\">\n\t\t\t\t<div class=\"elementor-widget-container\">\n\t\t\t\t\t<div class=\"elementor-image\">\n\t\t\t\t\t\t\t\t\t\t<img width=\"684\" height=\"1024\" src=\"https:\/\/www.mariagerter.com\/wp-content\/uploads\/2020\/06\/Bild-Vita-min-684x1024.jpg\" class=\"attachment-large size-large\" alt=\"\" loading=\"lazy\" srcset=\"https:\/\/www.mariagerter.com\/wp-content\/uploads\/2020\/06\/Bild-Vita-min-684x1024.jpg 684w, https:\/\/www.mariagerter.com\/wp-content\/uploads\/2020\/06\/Bild-Vita-min-200x300.jpg 200w, https:\/\/www.mariagerter.com\/wp-content\/uploads\/2020\/06\/Bild-Vita-min-768x1150.jpg 768w, https:\/\/www.mariagerter.com\/wp-content\/uploads\/2020\/06\/Bild-Vita-min-1025x1536.jpg 1025w, https:\/\/www.mariagerter.com\/wp-content\/uploads\/2020\/06\/Bild-Vita-min-1367x2048.jpg 1367w, https:\/\/www.mariagerter.com\/wp-content\/uploads\/2020\/06\/Bild-Vita-min-scaled.jpg 1709w\" sizes=\"(max-width: 684px) 100vw, 684px\" \/>\t\t\t\t\t\t\t\t\t\t\t<\/div>\n\t\t\t\t<\/div>\n\t\t\t\t<\/div>\n\t\t\t\t<div class=\"elementor-element elementor-element-da2fe32 elementor-widget elementor-widget-text-editor\" data-id=\"da2fe32\" data-element_type=\"widget\" data-widget_type=\"text-editor.default\">\n\t\t\t\t<div class=\"elementor-widget-container\">\n\t\t\t\t\t<div class=\"elementor-text-editor elementor-clearfix\"><div align=\"justify\">\n<p style=\"padding-left: 1rem; text-align: left;\"><span style=\"color: #000000;\"><span style=\"font-size: 200%; line-height: 100%;\">M<\/span><\/span>aria Gerter was born in Vladivostok, Russia. Maria received her first singing lessons at the age of 16 from Wolfgang Frisch. In 2012, she completed a double bachelor's degree at the University of Music in Karlsruhe. Singing with Prof. Christiane Hampe\/Ingrid Haubold and piano with Roman Zaslavsky. This was followed by a Master's degree at the Zurich University of Arts with Markus Eiche, which she successfully completed with a \"Master of Arts in Specialised Opera Performance\" and \"Master of Arts in Music Pedagogy\". \n\nShe received acting lessons from Annette Uhlen and Sascha Soydan. Master classes with Marcel Boone, Janice Dixon, Ruth Ziesak, Hartmut H\u00f6ll, Jill Feldman, Daniel Fueter and Wolfram Rieger, among others, complemented her training.\n\nIn 2014, Maria sang the role of Aminta (Il re pastore, Mozart) at Theater Schaffhausen, in 2015 at Theater Baden the role of Despina (Cosi fan tutte, Mozart) and performed Russian repertoire at Salontheater Herzbaracke Zurich.\n\nIn 2016, followed an engagement at the Schlossoper Rheinsberg as Flora (La Traviata, Verdi). At the Schlossoper Weikersheim she sang the Knusperhexe in Humperdinck`s H\u00e4nsel und Gretel in 2017 and was a guest at the Festival der Stille (Kaiserstuhl CH) and at the Theater Neu-Ulm in 2017\/2018 with her programme \"Von Kopf bis Fuss auf Liebe eingestellt\". In summer 2019, Maria performed at the Grachtenfestival Amsterdam as part of the \"Performing Opera\".\n\nA special focus of her artistic activity is concert singing in the form of recitals, oratorios and chamber music projects. Maria has sung with the Ukrainian ensemble \"Capella Leopolis\" (Stabat Mater Pergolesi), the symphony orchestra Nota Bene (Schubert Lieder) and is a regular soloist with the Winterthur Chamber Ensemble (Biblische Lieder Dvo\u0159\u00e1k, C\u00e4cilienode H\u00e4ndel, Gloria Vivaldi etc.).\n\nIn duo with bayanist Peter Gerter and pianist Nadezhda Geordzheva, she performs extensively at home and abroad. Maria was a scholarship holder of the Yehudi Menuhin Foundation and the Swiss Richard Wagner Association.<\/p>\n\n<\/div><\/div>\n\t\t\t\t<\/div>\n\t\t\t\t<\/div>\n\t\t\t\t<div class=\"elementor-element elementor-element-2aee015 elementor-widget elementor-widget-text-editor\" data-id=\"2aee015\" data-element_type=\"widget\" data-widget_type=\"text-editor.default\">\n\t\t\t\t<div class=\"elementor-widget-container\">\n\t\t\t\t\t<div class=\"elementor-text-editor elementor-clearfix\"><\/div>\n\t\t\t\t<\/div>\n\t\t\t\t<\/div>\n\t\t\t\t<section class=\"elementor-section elementor-inner-section elementor-element elementor-element-0c10a6c elementor-section-boxed elementor-section-height-default elementor-section-height-default\" data-id=\"0c10a6c\" data-element_type=\"section\">\n\t\t\t\t\t\t<div class=\"elementor-container elementor-column-gap-default\">\n\t\t\t\t\t\t\t<div class=\"elementor-row\">\n\t\t\t\t\t<div class=\"elementor-column elementor-col-100 elementor-inner-column elementor-element elementor-element-bec3302\" data-id=\"bec3302\" data-element_type=\"column\">\n\t\t\t<div class=\"elementor-column-wrap\">\n\t\t\t\t\t\t\t<div class=\"elementor-widget-wrap\">\n\t\t\t\t\t\t\t\t<\/div>\n\t\t\t\t\t<\/div>\n\t\t<\/div>\n\t\t\t\t\t\t\t\t<\/div>\n\t\t\t\t\t<\/div>\n\t\t<\/section>\n\t\t\t\t\t\t<\/div>\n\t\t\t\t\t<\/div>\n\t\t<\/div>\n\t\t\t\t<div class=\"elementor-column elementor-col-50 elementor-top-column elementor-element elementor-element-e302364 elementor-hidden-phone\" data-id=\"e302364\" data-element_type=\"column\">\n\t\t\t<div class=\"elementor-column-wrap elementor-element-populated\">\n\t\t\t\t\t\t\t<div class=\"elementor-widget-wrap\">\n\t\t\t\t\t\t<div class=\"elementor-element elementor-element-95a70d0 elementor-widget elementor-widget-image\" data-id=\"95a70d0\" data-element_type=\"widget\" data-widget_type=\"image.default\">\n\t\t\t\t<div class=\"elementor-widget-container\">\n\t\t\t\t\t<div class=\"elementor-image\">\n\t\t\t\t\t\t\t\t\t\t<img width=\"684\" height=\"1024\" src=\"https:\/\/www.mariagerter.com\/wp-content\/uploads\/2020\/06\/Bild-Vita-min-684x1024.jpg\" class=\"attachment-large size-large\" alt=\"\" loading=\"lazy\" srcset=\"https:\/\/www.mariagerter.com\/wp-content\/uploads\/2020\/06\/Bild-Vita-min-684x1024.jpg 684w, https:\/\/www.mariagerter.com\/wp-content\/uploads\/2020\/06\/Bild-Vita-min-200x300.jpg 200w, https:\/\/www.mariagerter.com\/wp-content\/uploads\/2020\/06\/Bild-Vita-min-768x1150.jpg 768w, https:\/\/www.mariagerter.com\/wp-content\/uploads\/2020\/06\/Bild-Vita-min-1025x1536.jpg 1025w, https:\/\/www.mariagerter.com\/wp-content\/uploads\/2020\/06\/Bild-Vita-min-1367x2048.jpg 1367w, https:\/\/www.mariagerter.com\/wp-content\/uploads\/2020\/06\/Bild-Vita-min-scaled.jpg 1709w\" sizes=\"(max-width: 684px) 100vw, 684px\" \/>\t\t\t\t\t\t\t\t\t\t\t<\/div>\n\t\t\t\t<\/div>\n\t\t\t\t<\/div>\n\t\t\t\t\t\t<\/div>\n\t\t\t\t\t<\/div>\n\t\t<\/div>\n\t\t\t\t\t\t\t\t<\/div>\n\t\t\t\t\t<\/div>\n\t\t<\/section>\n\t\t\t\t\t\t<\/div>\n\t\t\t\t\t\t<\/div>\n\t\t\t\t\t<\/div>","protected":false},"excerpt":{"rendered":"<p>Maria Gerter wurde in Wladiwostok, Russland geboren. Ihren ersten Gesangsunterricht erhielt Maria im Alter von 16 Jahren bei Wolfgang Frisch. 2012 absolvierte sie einen Doppelbachelor an der Hochschule fu\u0308r Musik in Karlsruhe. Gesang bei Prof. Christiane Hampe\/Ingrid Haubold und Klavier bei Roman Zaslavsky. Danach folgte der Master an der Zu\u0308rcher Hochschule der Ku\u0308nste bei Markus [&hellip;]<\/p>","protected":false},"author":1,"featured_media":0,"parent":0,"menu_order":0,"comment_status":"closed","ping_status":"closed","template":"","meta":[],"_links":{"self":[{"href":"https:\/\/www.mariagerter.com\/en\/wp-json\/wp\/v2\/pages\/13"}],"collection":[{"href":"https:\/\/www.mariagerter.com\/en\/wp-json\/wp\/v2\/pages"}],"about":[{"href":"https:\/\/www.mariagerter.com\/en\/wp-json\/wp\/v2\/types\/page"}],"author":[{"embeddable":true,"href":"https:\/\/www.mariagerter.com\/en\/wp-json\/wp\/v2\/users\/1"}],"replies":[{"embeddable":true,"href":"https:\/\/www.mariagerter.com\/en\/wp-json\/wp\/v2\/comments?post=13"}],"version-history":[{"count":110,"href":"https:\/\/www.mariagerter.com\/en\/wp-json\/wp\/v2\/pages\/13\/revisions"}],"predecessor-version":[{"id":844,"href":"https:\/\/www.mariagerter.com\/en\/wp-json\/wp\/v2\/pages\/13\/revisions\/844"}],"wp:attachment":[{"href":"https:\/\/www.mariagerter.com\/en\/wp-json\/wp\/v2\/media?parent=13"}],"curies":[{"name":"wp","href":"https:\/\/api.w.org\/{rel}","templated":true}]}}