{"id":21,"date":"2020-06-08T14:53:53","date_gmt":"2020-06-08T12:53:53","guid":{"rendered":"https:\/\/www.mariagerter.com\/?page_id=21"},"modified":"2021-03-01T20:49:29","modified_gmt":"2021-03-01T19:49:29","slug":"pianistin","status":"publish","type":"page","link":"https:\/\/www.mariagerter.com\/en\/vita\/pianistin\/","title":{"rendered":"Pianist"},"content":{"rendered":"<div data-elementor-type=\"wp-page\" data-elementor-id=\"21\" class=\"elementor elementor-21\" data-elementor-settings=\"[]\">\n\t\t\t\t\t\t<div class=\"elementor-inner\">\n\t\t\t\t\t\t\t<div class=\"elementor-section-wrap\">\n\t\t\t\t\t\t\t<section class=\"elementor-section elementor-top-section elementor-element elementor-element-a293029 elementor-section-boxed elementor-section-height-default elementor-section-height-default\" data-id=\"a293029\" data-element_type=\"section\" data-settings=\"{&quot;background_background&quot;:&quot;classic&quot;}\">\n\t\t\t\t\t\t<div class=\"elementor-container elementor-column-gap-default\">\n\t\t\t\t\t\t\t<div class=\"elementor-row\">\n\t\t\t\t\t<div class=\"elementor-column elementor-col-50 elementor-top-column elementor-element elementor-element-47c7350 elementor-hidden-phone\" data-id=\"47c7350\" data-element_type=\"column\">\n\t\t\t<div class=\"elementor-column-wrap elementor-element-populated\">\n\t\t\t\t\t\t\t<div class=\"elementor-widget-wrap\">\n\t\t\t\t\t\t<div class=\"elementor-element elementor-element-491d67e elementor-widget elementor-widget-image\" data-id=\"491d67e\" data-element_type=\"widget\" data-widget_type=\"image.default\">\n\t\t\t\t<div class=\"elementor-widget-container\">\n\t\t\t\t\t<div class=\"elementor-image\">\n\t\t\t\t\t\t\t\t\t\t<img width=\"615\" height=\"1024\" src=\"https:\/\/www.mariagerter.com\/wp-content\/uploads\/2020\/06\/Portrait-17-Kopie-min-615x1024.jpg\" class=\"attachment-large size-large\" alt=\"\" loading=\"lazy\" srcset=\"https:\/\/www.mariagerter.com\/wp-content\/uploads\/2020\/06\/Portrait-17-Kopie-min-615x1024.jpg 615w, https:\/\/www.mariagerter.com\/wp-content\/uploads\/2020\/06\/Portrait-17-Kopie-min-180x300.jpg 180w, https:\/\/www.mariagerter.com\/wp-content\/uploads\/2020\/06\/Portrait-17-Kopie-min-768x1280.jpg 768w, https:\/\/www.mariagerter.com\/wp-content\/uploads\/2020\/06\/Portrait-17-Kopie-min-922x1536.jpg 922w, https:\/\/www.mariagerter.com\/wp-content\/uploads\/2020\/06\/Portrait-17-Kopie-min-1229x2048.jpg 1229w, https:\/\/www.mariagerter.com\/wp-content\/uploads\/2020\/06\/Portrait-17-Kopie-min-scaled.jpg 1536w\" sizes=\"(max-width: 615px) 100vw, 615px\" \/>\t\t\t\t\t\t\t\t\t\t\t<\/div>\n\t\t\t\t<\/div>\n\t\t\t\t<\/div>\n\t\t\t\t\t\t<\/div>\n\t\t\t\t\t<\/div>\n\t\t<\/div>\n\t\t\t\t<div class=\"elementor-column elementor-col-50 elementor-top-column elementor-element elementor-element-08af75d\" data-id=\"08af75d\" data-element_type=\"column\">\n\t\t\t<div class=\"elementor-column-wrap elementor-element-populated\">\n\t\t\t\t\t\t\t<div class=\"elementor-widget-wrap\">\n\t\t\t\t\t\t<div class=\"elementor-element elementor-element-3d5e952 elementor-hidden-desktop elementor-hidden-tablet elementor-widget elementor-widget-image\" data-id=\"3d5e952\" data-element_type=\"widget\" data-widget_type=\"image.default\">\n\t\t\t\t<div class=\"elementor-widget-container\">\n\t\t\t\t\t<div class=\"elementor-image\">\n\t\t\t\t\t\t\t\t\t\t<img width=\"615\" height=\"1024\" src=\"https:\/\/www.mariagerter.com\/wp-content\/uploads\/2020\/06\/Portrait-17-Kopie-min-615x1024.jpg\" class=\"attachment-large size-large\" alt=\"\" loading=\"lazy\" srcset=\"https:\/\/www.mariagerter.com\/wp-content\/uploads\/2020\/06\/Portrait-17-Kopie-min-615x1024.jpg 615w, https:\/\/www.mariagerter.com\/wp-content\/uploads\/2020\/06\/Portrait-17-Kopie-min-180x300.jpg 180w, https:\/\/www.mariagerter.com\/wp-content\/uploads\/2020\/06\/Portrait-17-Kopie-min-768x1280.jpg 768w, https:\/\/www.mariagerter.com\/wp-content\/uploads\/2020\/06\/Portrait-17-Kopie-min-922x1536.jpg 922w, https:\/\/www.mariagerter.com\/wp-content\/uploads\/2020\/06\/Portrait-17-Kopie-min-1229x2048.jpg 1229w, https:\/\/www.mariagerter.com\/wp-content\/uploads\/2020\/06\/Portrait-17-Kopie-min-scaled.jpg 1536w\" sizes=\"(max-width: 615px) 100vw, 615px\" \/>\t\t\t\t\t\t\t\t\t\t\t<\/div>\n\t\t\t\t<\/div>\n\t\t\t\t<\/div>\n\t\t\t\t<div class=\"elementor-element elementor-element-fd8db99 elementor-widget elementor-widget-text-editor\" data-id=\"fd8db99\" data-element_type=\"widget\" data-widget_type=\"text-editor.default\">\n\t\t\t\t<div class=\"elementor-widget-container\">\n\t\t\t\t\t<div class=\"elementor-text-editor elementor-clearfix\"><div align=\"justify\">\n<p style=\"padding-left: 1rem; text-align: left;\"><span style=\"font-size: 200%; line-height: 100%;\">M<\/span>aria started piano lessons at the age of 5 at the music school in Vladivostok. After moving to Germany in 1994, she continued her lessons with Olga Zwicker and also received improvisation lessons with Laurenz Antalffy. Maria's inclination and talent for chamber music became apparent early on.\n\nShe was a multiple prize-winner at the state and national competitions \"Jugend musiziert\", especially in the category of piano accompaniment and chamber music. At 16, Maria played the Grieg Piano Concerto in A minor with the Bad Reichenhall Philharmonic Orchestra as part of the \"junge Talente\" concert series.\n\nIn 2001, the Gerter Trio was founded with Anja Gerter on violin, Maria Gerter on piano and Peter Gerter on bayan, with whom they performed actively for over 10 years in Germany and abroad. The core of the repertoire was formed by works of the 20th century, especially from the Russian and Spanish\/Argentinean area, among others by Shostakovich, Stravinsky, Schnittke and last but not least Piazzolla. Two original compositions by V. Dorochin and I. Golubev were dedicated to the trio. \n\nIn 2005, the trio won the 1st prize in the chamber music category at the international competition in Castelfidardo, Italy, as well as the 3rd prize in the category of works by Astor Piazzolla. In 2006, they won the Grand Prix in Sarre-Union\/France and recorded the CD \"Soledad\".\n\nIn 2012, Maria completed her double degree at the University of Music Karlsruhe in piano with Roman Zaslavsky and in voice with Prof. Christiane Hampe\/ Ingrid Haubold. During her studies she worked as a tutor for several singing classes and completed an internship in accompaniment at the Ulm Theatre. During this time she performed in particular as a song accompanist and chamber musician.\n\nMaria works as a piano accompanist at the Rudolf Steiner School and the Atelierschule Zurich and is a r\u00e9p\u00e9titeur for choirs and individual musicians. She has also been the pianist at Bindella Restaurant National Winterthur for several years, where she can be heard playing classical and jazz music.<\/p>\n\n<\/div><\/div>\n\t\t\t\t<\/div>\n\t\t\t\t<\/div>\n\t\t\t\t\t\t<\/div>\n\t\t\t\t\t<\/div>\n\t\t<\/div>\n\t\t\t\t\t\t\t\t<\/div>\n\t\t\t\t\t<\/div>\n\t\t<\/section>\n\t\t\t\t\t\t<\/div>\n\t\t\t\t\t\t<\/div>\n\t\t\t\t\t<\/div>","protected":false},"excerpt":{"rendered":"<p>Maria begann im Alter von 5 Jahren mit dem Klavierunterricht an der Musikschule Wladiwostok. Nach dem Umzug nach Deutschland im Jahr 1994 setzte sie den Unterricht bei Olga Zwicker fort und erhielt zus\u00e4tzlich Improvisationsunterricht bei Laurenz Antalffy. Schon fr\u00fch zeigte sich Marias Neigung und Begabung zur Kammermusik. Sie wurde mehrfache Preistr\u00e4gerin bei den Landes und [&hellip;]<\/p>","protected":false},"author":1,"featured_media":0,"parent":13,"menu_order":0,"comment_status":"closed","ping_status":"closed","template":"","meta":[],"_links":{"self":[{"href":"https:\/\/www.mariagerter.com\/en\/wp-json\/wp\/v2\/pages\/21"}],"collection":[{"href":"https:\/\/www.mariagerter.com\/en\/wp-json\/wp\/v2\/pages"}],"about":[{"href":"https:\/\/www.mariagerter.com\/en\/wp-json\/wp\/v2\/types\/page"}],"author":[{"embeddable":true,"href":"https:\/\/www.mariagerter.com\/en\/wp-json\/wp\/v2\/users\/1"}],"replies":[{"embeddable":true,"href":"https:\/\/www.mariagerter.com\/en\/wp-json\/wp\/v2\/comments?post=21"}],"version-history":[{"count":67,"href":"https:\/\/www.mariagerter.com\/en\/wp-json\/wp\/v2\/pages\/21\/revisions"}],"predecessor-version":[{"id":847,"href":"https:\/\/www.mariagerter.com\/en\/wp-json\/wp\/v2\/pages\/21\/revisions\/847"}],"up":[{"embeddable":true,"href":"https:\/\/www.mariagerter.com\/en\/wp-json\/wp\/v2\/pages\/13"}],"wp:attachment":[{"href":"https:\/\/www.mariagerter.com\/en\/wp-json\/wp\/v2\/media?parent=21"}],"curies":[{"name":"wp","href":"https:\/\/api.w.org\/{rel}","templated":true}]}}