{"id":23,"date":"2020-06-08T14:54:47","date_gmt":"2020-06-08T12:54:47","guid":{"rendered":"https:\/\/www.mariagerter.com\/?page_id=23"},"modified":"2021-02-13T09:43:06","modified_gmt":"2021-02-13T08:43:06","slug":"impressum","status":"publish","type":"page","link":"https:\/\/www.mariagerter.com\/en\/impressum\/","title":{"rendered":"Imprint"},"content":{"rendered":"<div data-elementor-type=\"wp-page\" data-elementor-id=\"23\" class=\"elementor elementor-23\" data-elementor-settings=\"[]\">\n\t\t\t\t\t\t<div class=\"elementor-inner\">\n\t\t\t\t\t\t\t<div class=\"elementor-section-wrap\">\n\t\t\t\t\t\t\t<section class=\"elementor-section elementor-top-section elementor-element elementor-element-3d00c5f elementor-section-boxed elementor-section-height-default elementor-section-height-default\" data-id=\"3d00c5f\" data-element_type=\"section\" data-settings=\"{&quot;background_background&quot;:&quot;classic&quot;}\">\n\t\t\t\t\t\t<div class=\"elementor-container elementor-column-gap-default\">\n\t\t\t\t\t\t\t<div class=\"elementor-row\">\n\t\t\t\t\t<div class=\"elementor-column elementor-col-100 elementor-top-column elementor-element elementor-element-4e8663c\" data-id=\"4e8663c\" data-element_type=\"column\">\n\t\t\t<div class=\"elementor-column-wrap elementor-element-populated\">\n\t\t\t\t\t\t\t<div class=\"elementor-widget-wrap\">\n\t\t\t\t\t\t<div class=\"elementor-element elementor-element-e1f2bb2 elementor-widget elementor-widget-text-editor\" data-id=\"e1f2bb2\" data-element_type=\"widget\" data-widget_type=\"text-editor.default\">\n\t\t\t\t<div class=\"elementor-widget-container\">\n\t\t\t\t\t<div class=\"elementor-text-editor elementor-clearfix\"><p><strong><span style=\"color: #333300;\">Haftungsausschluss<\/span><\/strong><\/p><p><span style=\"color: #333300;\">1. Jede Haftung f\u00fcr Sch\u00e4den wird ausgeschlossen, die sich direkt oder indirekt aus<\/span><br \/><span style=\"color: #333300;\">der Benutzung dieser Website und dem Gebrauch der darin enthaltenen<\/span><br \/><span style=\"color: #333300;\">Informationen ergeben, soweit weder Vorsatz noch grobe Fahrl\u00e4ssigkeit zur Last<\/span><br \/><span style=\"color: #333300;\">f\u00e4llt. Diese Website enth\u00e4lt Links zu externen Webseiten Dritter, auf deren Inhalte<\/span><br \/><span style=\"color: #333300;\">kein Einfluss besteht. Deshalb wird f\u00fcr diese fremden Inhalte auch keine Gew\u00e4hr<\/span><br \/><span style=\"color: #333300;\">\u00fcbernommen. F\u00fcr die Inhalte der verlinkten Seiten ist stets der jeweilige Anbieter<\/span><br \/><span style=\"color: #333300;\">oder Betreiber der Seiten verantwortlich. Rechtswidrige Inhalte waren zum<\/span><br \/><span style=\"color: #333300;\">Zeitpunkt der Verlinkung nicht erkennbar. Bei Bekanntwerden von<\/span><br \/><span style=\"color: #333300;\">Rechtsverletzungen werden derartige Links umgehend entfernen.<\/span><\/p><p><span style=\"color: #333300;\">2. Urheberrecht<\/span><br \/><span style=\"color: #333300;\">Die durch den Seitenbetreiber erstellten Inhalte und Werke auf diesen Seiten<\/span><br \/><span style=\"color: #333300;\">unterliegen dem deutschen Urheberrecht. Die Vervielf\u00e4ltigung, Bearbeitung,<\/span><br \/><span style=\"color: #333300;\">Verbreitung und jede Art der Verwertung bed\u00fcrfen der schriftlichen Zustimmung<\/span><br \/><span style=\"color: #333300;\">des jeweiligen Autors bzw. Erstellers. Soweit die Inhalte auf dieser Seite nicht vom<\/span><br \/><span style=\"color: #333300;\">Betreiber erstellt wurden, werden die Urheberrechte Dritter beachtet. Sollten Sie<\/span><br \/><span style=\"color: #333300;\">trotzdem auf eine Urheberrechtsverletzung aufmerksam werden, wird um einen<\/span><br \/><span style=\"color: #333300;\">entsprechenden Hinweis gebeten. Bei Bekanntwerden von Rechtsverletzungen<\/span><br \/><span style=\"color: #333300;\">werden derartige Inhalte umgehend entfernt.<\/span><\/p><p><span style=\"color: #333300;\">3. Inhalt des Onlineangebotes<\/span><br \/><span style=\"color: #333300;\">Der Autor \u00fcbernimmt keinerlei Gew\u00e4hr f\u00fcr die Aktualit\u00e4t, Korrektheit, Vollst\u00e4ndigkeit<\/span><br \/><span style=\"color: #333300;\">oder Qualit\u00e4t der bereitgestellten Informationen. Haftungsanspr\u00fcche gegen den<\/span><br \/><span style=\"color: #333300;\">Autor, welche sich auf Sch\u00e4den materieller oder ideeller Art beziehen, die durch die<\/span><br \/><span style=\"color: #333300;\">Nutzung oder Nichtnutzung der dargebotenen Informationen bzw. durch die<\/span><br \/><span style=\"color: #333300;\">Nutzung fehlerhafter und unvollst\u00e4ndiger Informationen verursacht wurden, sind<\/span><br \/><span style=\"color: #333300;\">grunds\u00e4tzlich ausgeschlossen, sofern seitens des Autors kein nachweislich<\/span><br \/><span style=\"color: #333300;\">vors\u00e4tzliches oder grob fahrl\u00e4ssiges Verschulden vorliegt.<\/span><br \/><span style=\"color: #333300;\">Der Autor beh\u00e4lt es sich ausdr\u00fccklich vor, Teile der Seiten oder das gesamte<\/span><br \/><span style=\"color: #333300;\">Angebot ohne gesonderte Ank\u00fcndigung zu ver\u00e4ndern, zu erg\u00e4nzen, zu l\u00f6schen<\/span><br \/><span style=\"color: #333300;\">oder die Ver\u00f6ffentlichung zeitweise oder endg\u00fcltig einzustellen.<\/span><\/p><p><strong><span style=\"color: #333300;\">Impressum:<\/span><\/strong><br \/><span style=\"color: #333300;\">Inhaber der Website:<\/span><br \/><span style=\"color: #333300;\">Maria Gerter<\/span><br \/><span style=\"color: #333300;\">Z\u00fcrich<\/span><br \/><span style=\"color: #333300;\">kontakt@mariagerter.com<\/span><\/p><\/div>\n\t\t\t\t<\/div>\n\t\t\t\t<\/div>\n\t\t\t\t\t\t<\/div>\n\t\t\t\t\t<\/div>\n\t\t<\/div>\n\t\t\t\t\t\t\t\t<\/div>\n\t\t\t\t\t<\/div>\n\t\t<\/section>\n\t\t\t\t\t\t<\/div>\n\t\t\t\t\t\t<\/div>\n\t\t\t\t\t<\/div>","protected":false},"excerpt":{"rendered":"<p>Haftungsausschluss 1. Jede Haftung f\u00fcr Sch\u00e4den wird ausgeschlossen, die sich direkt oder indirekt ausder Benutzung dieser Website und dem Gebrauch der darin enthaltenenInformationen ergeben, soweit weder Vorsatz noch grobe Fahrl\u00e4ssigkeit zur Lastf\u00e4llt. Diese Website enth\u00e4lt Links zu externen Webseiten Dritter, auf deren Inhaltekein Einfluss besteht. Deshalb wird f\u00fcr diese fremden Inhalte auch keine Gew\u00e4hr\u00fcbernommen. F\u00fcr [&hellip;]<\/p>","protected":false},"author":1,"featured_media":0,"parent":0,"menu_order":0,"comment_status":"closed","ping_status":"closed","template":"","meta":[],"_links":{"self":[{"href":"https:\/\/www.mariagerter.com\/en\/wp-json\/wp\/v2\/pages\/23"}],"collection":[{"href":"https:\/\/www.mariagerter.com\/en\/wp-json\/wp\/v2\/pages"}],"about":[{"href":"https:\/\/www.mariagerter.com\/en\/wp-json\/wp\/v2\/types\/page"}],"author":[{"embeddable":true,"href":"https:\/\/www.mariagerter.com\/en\/wp-json\/wp\/v2\/users\/1"}],"replies":[{"embeddable":true,"href":"https:\/\/www.mariagerter.com\/en\/wp-json\/wp\/v2\/comments?post=23"}],"version-history":[{"count":9,"href":"https:\/\/www.mariagerter.com\/en\/wp-json\/wp\/v2\/pages\/23\/revisions"}],"predecessor-version":[{"id":604,"href":"https:\/\/www.mariagerter.com\/en\/wp-json\/wp\/v2\/pages\/23\/revisions\/604"}],"wp:attachment":[{"href":"https:\/\/www.mariagerter.com\/en\/wp-json\/wp\/v2\/media?parent=23"}],"curies":[{"name":"wp","href":"https:\/\/api.w.org\/{rel}","templated":true}]}}