{"id":260,"date":"2020-06-16T13:15:24","date_gmt":"2020-06-16T11:15:24","guid":{"rendered":"https:\/\/www.mariagerter.com\/?page_id=260"},"modified":"2020-06-19T13:13:36","modified_gmt":"2020-06-19T11:13:36","slug":"presse","status":"publish","type":"page","link":"https:\/\/www.mariagerter.com\/en\/presse\/","title":{"rendered":"Press"},"content":{"rendered":"<div data-elementor-type=\"wp-page\" data-elementor-id=\"260\" class=\"elementor elementor-260\" data-elementor-settings=\"[]\">\n\t\t\t\t\t\t<div class=\"elementor-inner\">\n\t\t\t\t\t\t\t<div class=\"elementor-section-wrap\">\n\t\t\t\t\t\t\t<section class=\"elementor-section elementor-top-section elementor-element elementor-element-223f1736 elementor-section-boxed elementor-section-height-default elementor-section-height-default\" data-id=\"223f1736\" data-element_type=\"section\" data-settings=\"{&quot;background_background&quot;:&quot;classic&quot;}\">\n\t\t\t\t\t\t<div class=\"elementor-container elementor-column-gap-default\">\n\t\t\t\t\t\t\t<div class=\"elementor-row\">\n\t\t\t\t\t<div class=\"elementor-column elementor-col-100 elementor-top-column elementor-element elementor-element-46fedc37\" data-id=\"46fedc37\" data-element_type=\"column\">\n\t\t\t<div class=\"elementor-column-wrap elementor-element-populated\">\n\t\t\t\t\t\t\t<div class=\"elementor-widget-wrap\">\n\t\t\t\t\t\t<div class=\"elementor-element elementor-element-22f75a9 elementor-widget elementor-widget-heading\" data-id=\"22f75a9\" data-element_type=\"widget\" data-widget_type=\"heading.default\">\n\t\t\t\t<div class=\"elementor-widget-container\">\n\t\t\t<h2 class=\"elementor-heading-title elementor-size-default\">PRESSE<\/h2>\t\t<\/div>\n\t\t\t\t<\/div>\n\t\t\t\t<div class=\"elementor-element elementor-element-55e3ffdd elementor-widget-divider--view-line elementor-widget elementor-widget-divider\" data-id=\"55e3ffdd\" data-element_type=\"widget\" data-widget_type=\"divider.default\">\n\t\t\t\t<div class=\"elementor-widget-container\">\n\t\t\t\t\t<div class=\"elementor-divider\">\n\t\t\t<span class=\"elementor-divider-separator\">\n\t\t\t\t\t\t<\/span>\n\t\t<\/div>\n\t\t\t\t<\/div>\n\t\t\t\t<\/div>\n\t\t\t\t\t\t<\/div>\n\t\t\t\t\t<\/div>\n\t\t<\/div>\n\t\t\t\t\t\t\t\t<\/div>\n\t\t\t\t\t<\/div>\n\t\t<\/section>\n\t\t\t\t<section class=\"elementor-section elementor-top-section elementor-element elementor-element-dcce99c elementor-section-boxed elementor-section-height-default elementor-section-height-default\" data-id=\"dcce99c\" data-element_type=\"section\" data-settings=\"{&quot;background_background&quot;:&quot;classic&quot;}\">\n\t\t\t\t\t\t<div class=\"elementor-container elementor-column-gap-default\">\n\t\t\t\t\t\t\t<div class=\"elementor-row\">\n\t\t\t\t\t<div class=\"elementor-column elementor-col-100 elementor-top-column elementor-element elementor-element-5fd6076e\" data-id=\"5fd6076e\" data-element_type=\"column\">\n\t\t\t<div class=\"elementor-column-wrap elementor-element-populated\">\n\t\t\t\t\t\t\t<div class=\"elementor-widget-wrap\">\n\t\t\t\t\t\t<div class=\"elementor-element elementor-element-7d811c68 elementor-widget elementor-widget-heading\" data-id=\"7d811c68\" data-element_type=\"widget\" data-widget_type=\"heading.default\">\n\t\t\t\t<div class=\"elementor-widget-container\">\n\t\t\t<h2 class=\"elementor-heading-title elementor-size-default\">Stunde der Kammermusik, Laichingen<\/h2>\t\t<\/div>\n\t\t\t\t<\/div>\n\t\t\t\t<div class=\"elementor-element elementor-element-604a50f2 elementor-widget elementor-widget-text-editor\" data-id=\"604a50f2\" data-element_type=\"widget\" data-widget_type=\"text-editor.default\">\n\t\t\t\t<div class=\"elementor-widget-container\">\n\t\t\t\t\t<div class=\"elementor-text-editor elementor-clearfix\"><p><strong>\u201eMaria Gerter lebt ihre musikalischen Interpretationen in grosser Farbigkeit und&nbsp;<\/strong><strong>reich differenzierter Harmonik, fesselt damit ihr Publikum, kann aber&nbsp;<\/strong><strong>selbstverst\u00e4ndlich noch mehr&#8230;\u201c<\/strong><br><strong>\u201eWas f\u00fcr eine Ausstrahlung! Was f\u00fcr eine Stimme! Welch`, mitreissende F\u00e4higkeit&nbsp;<\/strong><strong>ein Publikum in den Bann zu ziehen, von dem sie immer wieder mit Bravo &#8211; Rufen&nbsp;<\/strong><strong>belohnt wird&#8230;\u201c<\/strong><\/p>\n<p><strong>Schw\u00e4bische Zeitung<\/strong><br><strong>Brigitte Scheiffele<\/strong><\/p>\n<p><span style=\"text-decoration: underline;\"><a href=\"https:\/\/www.schwaebische.de\/landkreis\/alb-donau-kreis\/laichingen_artikel,-facettenreiche- stunde-der-kammermusik-_arid,10737068.html\" data-wplink-url-error=\"true\">Den vollst\u00e4ndigen Artikel finden Sie hier.<\/a><\/span><\/p>\n<p><\/p><\/div>\n\t\t\t\t<\/div>\n\t\t\t\t<\/div>\n\t\t\t\t<div class=\"elementor-element elementor-element-1f1067d2 elementor-widget-divider--view-line elementor-widget elementor-widget-divider\" data-id=\"1f1067d2\" data-element_type=\"widget\" data-widget_type=\"divider.default\">\n\t\t\t\t<div class=\"elementor-widget-container\">\n\t\t\t\t\t<div class=\"elementor-divider\">\n\t\t\t<span class=\"elementor-divider-separator\">\n\t\t\t\t\t\t<\/span>\n\t\t<\/div>\n\t\t\t\t<\/div>\n\t\t\t\t<\/div>\n\t\t\t\t\t\t<\/div>\n\t\t\t\t\t<\/div>\n\t\t<\/div>\n\t\t\t\t\t\t\t\t<\/div>\n\t\t\t\t\t<\/div>\n\t\t<\/section>\n\t\t\t\t<section class=\"elementor-section elementor-top-section elementor-element elementor-element-7dd8e506 elementor-section-boxed elementor-section-height-default elementor-section-height-default\" data-id=\"7dd8e506\" data-element_type=\"section\" data-settings=\"{&quot;background_background&quot;:&quot;classic&quot;}\">\n\t\t\t\t\t\t<div class=\"elementor-container elementor-column-gap-default\">\n\t\t\t\t\t\t\t<div class=\"elementor-row\">\n\t\t\t\t\t<div class=\"elementor-column elementor-col-100 elementor-top-column elementor-element elementor-element-6914fc1e\" data-id=\"6914fc1e\" data-element_type=\"column\">\n\t\t\t<div class=\"elementor-column-wrap elementor-element-populated\">\n\t\t\t\t\t\t\t<div class=\"elementor-widget-wrap\">\n\t\t\t\t\t\t<div class=\"elementor-element elementor-element-6019a04e elementor-widget elementor-widget-heading\" data-id=\"6019a04e\" data-element_type=\"widget\" data-widget_type=\"heading.default\">\n\t\t\t\t<div class=\"elementor-widget-container\">\n\t\t\t<h2 class=\"elementor-heading-title elementor-size-default\">Festival der Stille, Kaiserstuhl (CH)<\/h2>\t\t<\/div>\n\t\t\t\t<\/div>\n\t\t\t\t<div class=\"elementor-element elementor-element-4f8548e1 elementor-widget elementor-widget-text-editor\" data-id=\"4f8548e1\" data-element_type=\"widget\" data-widget_type=\"text-editor.default\">\n\t\t\t\t<div class=\"elementor-widget-container\">\n\t\t\t\t\t<div class=\"elementor-text-editor elementor-clearfix\"><p><strong>\u201eDie aus Russland stammende Z\u00fcrcher Operns\u00e4ngerin Maria Gerter brillierte in\u00a0<\/strong><strong>ihren Rollen als Marlene Dietrich und Zarah Leander, die ihr wie auf den Leib\u00a0<\/strong><strong>geschrieben waren&#8230;ihre Stimme verlieh der alten Musik Frische und Aktualit\u00e4t.\u201e<\/strong><\/p><p><strong>Der S\u00dcDKURIER<\/strong><br \/><strong>Heidrun Glaser<\/strong><\/p><p><a href=\"https:\/\/www.suedkurier.de\/region\/nachbarschaft\/kantonaargau\/Das-Berliner-Flair-der-20er- Jahre-wird-wach-beim-Festival-der-Stille;art372604,9388782\" data-wplink-url-error=\"true\"><span style=\"text-decoration: underline;\">Den vollst\u00e4ndigen Artikel finden Sie hier.<\/span><\/a><\/p><p>\u00a0<\/p><\/div>\n\t\t\t\t<\/div>\n\t\t\t\t<\/div>\n\t\t\t\t<div class=\"elementor-element elementor-element-51580d6c elementor-widget-divider--view-line elementor-widget elementor-widget-divider\" data-id=\"51580d6c\" data-element_type=\"widget\" data-widget_type=\"divider.default\">\n\t\t\t\t<div class=\"elementor-widget-container\">\n\t\t\t\t\t<div class=\"elementor-divider\">\n\t\t\t<span class=\"elementor-divider-separator\">\n\t\t\t\t\t\t<\/span>\n\t\t<\/div>\n\t\t\t\t<\/div>\n\t\t\t\t<\/div>\n\t\t\t\t\t\t<\/div>\n\t\t\t\t\t<\/div>\n\t\t<\/div>\n\t\t\t\t\t\t\t\t<\/div>\n\t\t\t\t\t<\/div>\n\t\t<\/section>\n\t\t\t\t<section class=\"elementor-section elementor-top-section elementor-element elementor-element-6090d7f8 elementor-section-boxed elementor-section-height-default elementor-section-height-default\" data-id=\"6090d7f8\" data-element_type=\"section\" data-settings=\"{&quot;background_background&quot;:&quot;classic&quot;}\">\n\t\t\t\t\t\t<div class=\"elementor-container elementor-column-gap-default\">\n\t\t\t\t\t\t\t<div class=\"elementor-row\">\n\t\t\t\t\t<div class=\"elementor-column elementor-col-100 elementor-top-column elementor-element elementor-element-76831196\" data-id=\"76831196\" data-element_type=\"column\">\n\t\t\t<div class=\"elementor-column-wrap elementor-element-populated\">\n\t\t\t\t\t\t\t<div class=\"elementor-widget-wrap\">\n\t\t\t\t\t\t<div class=\"elementor-element elementor-element-42200b71 elementor-widget elementor-widget-heading\" data-id=\"42200b71\" data-element_type=\"widget\" data-widget_type=\"heading.default\">\n\t\t\t\t<div class=\"elementor-widget-container\">\n\t\t\t<h2 class=\"elementor-heading-title elementor-size-default\">Jubil\u00e4umskonzert, Neu-Ulm<\/h2>\t\t<\/div>\n\t\t\t\t<\/div>\n\t\t\t\t<div class=\"elementor-element elementor-element-51744da7 elementor-widget elementor-widget-text-editor\" data-id=\"51744da7\" data-element_type=\"widget\" data-widget_type=\"text-editor.default\">\n\t\t\t\t<div class=\"elementor-widget-container\">\n\t\t\t\t\t<div class=\"elementor-text-editor elementor-clearfix\"><p><strong>\u201eGut besucht\u201c ist gar kein Ausdruck f\u00fcr den enormen Andrang, den die Neu-Ulmer\u00a0<\/strong><strong>Musikschule am Samstag erlebte. Bis in den Flur hinein und auf den Tischen am\u00a0<\/strong><strong>Rand dr\u00e4ngelten sich Zuh\u00f6rer, um das Festkonzert zum 50- j\u00e4hrigen\u00a0<\/strong><strong>B\u00fchnenjubil\u00e4um des Konzertbajanisten Peter Gerter mitzuerleben. Es passte e<\/strong><strong>infach alles, und der Abend rundete sich nach zwei begl\u00fcckenden Stunden zu\u00a0<\/strong><strong>einem Gesamtkunstwerk, dem nichts mehr hinzuzuf\u00fcgen war.\u00a0<\/strong><strong>Massgeblich gestaltet haben den Abend seine beiden T\u00f6chter Anja (Violine) und\u00a0<\/strong><strong>Maria (Klavier\/Gesang).<\/strong><br \/><strong>Die Begeisterung im Saal war mit H\u00e4nden zu greifen. Ein Erlebnis!\u201c<\/strong><\/p><p><strong>S\u00fcdwestpresse<\/strong><br \/><strong>Burkhard Sch\u00e4fer<\/strong><\/p><p><a href=\"https:\/\/www.swp.de\/unterhaltung\/kultur\/peter-gerters-herz-_brennt-fuer-die-musik_-24872014.html?fbclid=IwAR3G87mSBvcrGby7XuBV0czamMCLEEpyJ8RdLWt5MsWtt3K0zrtXHV1CMpE\"><span style=\"text-decoration: underline;\">Den vollst\u00e4ndigen Artikel finden Sie hier.<\/span><\/a><\/p><p>\u00a0<\/p><\/div>\n\t\t\t\t<\/div>\n\t\t\t\t<\/div>\n\t\t\t\t<div class=\"elementor-element elementor-element-3f647ca1 elementor-widget-divider--view-line elementor-widget elementor-widget-divider\" data-id=\"3f647ca1\" data-element_type=\"widget\" data-widget_type=\"divider.default\">\n\t\t\t\t<div class=\"elementor-widget-container\">\n\t\t\t\t\t<div class=\"elementor-divider\">\n\t\t\t<span class=\"elementor-divider-separator\">\n\t\t\t\t\t\t<\/span>\n\t\t<\/div>\n\t\t\t\t<\/div>\n\t\t\t\t<\/div>\n\t\t\t\t\t\t<\/div>\n\t\t\t\t\t<\/div>\n\t\t<\/div>\n\t\t\t\t\t\t\t\t<\/div>\n\t\t\t\t\t<\/div>\n\t\t<\/section>\n\t\t\t\t<section class=\"elementor-section elementor-top-section elementor-element elementor-element-18ff53c5 elementor-section-boxed elementor-section-height-default elementor-section-height-default\" data-id=\"18ff53c5\" data-element_type=\"section\" data-settings=\"{&quot;background_background&quot;:&quot;classic&quot;}\">\n\t\t\t\t\t\t<div class=\"elementor-container elementor-column-gap-default\">\n\t\t\t\t\t\t\t<div class=\"elementor-row\">\n\t\t\t\t\t<div class=\"elementor-column elementor-col-100 elementor-top-column elementor-element elementor-element-6355afca\" data-id=\"6355afca\" data-element_type=\"column\">\n\t\t\t<div class=\"elementor-column-wrap elementor-element-populated\">\n\t\t\t\t\t\t\t<div class=\"elementor-widget-wrap\">\n\t\t\t\t\t\t<div class=\"elementor-element elementor-element-74c148fa elementor-widget elementor-widget-heading\" data-id=\"74c148fa\" data-element_type=\"widget\" data-widget_type=\"heading.default\">\n\t\t\t\t<div class=\"elementor-widget-container\">\n\t\t\t<h2 class=\"elementor-heading-title elementor-size-default\">Klosterkonzerte Blaubeuren, Blaubeuren<\/h2>\t\t<\/div>\n\t\t\t\t<\/div>\n\t\t\t\t<div class=\"elementor-element elementor-element-69261d1d elementor-widget elementor-widget-text-editor\" data-id=\"69261d1d\" data-element_type=\"widget\" data-widget_type=\"text-editor.default\">\n\t\t\t\t<div class=\"elementor-widget-container\">\n\t\t\t\t\t<div class=\"elementor-text-editor elementor-clearfix\"><p><strong>\u201eDie Sopranistin Maria Gerter bestach mit ihrer wohlklingenden Stimme, artikulierte sehr klar und verst\u00e4ndlich und hatte eine enorme Pr\u00e4senz auf der B\u00fchne. Klangsch\u00f6n interpretierte sie die Lieder, auch Gestik und Mimik waren stimmig\u201c<\/strong><\/p><p><strong>S\u00fcdwestpresse \/ Das Blaum\u00e4nnle<\/strong><\/p><p><strong style=\"font-size: 17px;\">Margot Autenrieth-Kronenthaler<\/strong><\/p><p>\u00a0<\/p><\/div>\n\t\t\t\t<\/div>\n\t\t\t\t<\/div>\n\t\t\t\t<div class=\"elementor-element elementor-element-1bc8c31c elementor-widget-divider--view-line elementor-widget elementor-widget-divider\" data-id=\"1bc8c31c\" data-element_type=\"widget\" data-widget_type=\"divider.default\">\n\t\t\t\t<div class=\"elementor-widget-container\">\n\t\t\t\t\t<div class=\"elementor-divider\">\n\t\t\t<span class=\"elementor-divider-separator\">\n\t\t\t\t\t\t<\/span>\n\t\t<\/div>\n\t\t\t\t<\/div>\n\t\t\t\t<\/div>\n\t\t\t\t\t\t<\/div>\n\t\t\t\t\t<\/div>\n\t\t<\/div>\n\t\t\t\t\t\t\t\t<\/div>\n\t\t\t\t\t<\/div>\n\t\t<\/section>\n\t\t\t\t<section class=\"elementor-section elementor-top-section elementor-element elementor-element-6147d74a elementor-section-boxed elementor-section-height-default elementor-section-height-default\" data-id=\"6147d74a\" data-element_type=\"section\" data-settings=\"{&quot;background_background&quot;:&quot;classic&quot;}\">\n\t\t\t\t\t\t<div class=\"elementor-container elementor-column-gap-default\">\n\t\t\t\t\t\t\t<div class=\"elementor-row\">\n\t\t\t\t\t<div class=\"elementor-column elementor-col-50 elementor-top-column elementor-element elementor-element-649cf695\" data-id=\"649cf695\" data-element_type=\"column\">\n\t\t\t<div class=\"elementor-column-wrap elementor-element-populated\">\n\t\t\t\t\t\t\t<div class=\"elementor-widget-wrap\">\n\t\t\t\t\t\t<div class=\"elementor-element elementor-element-280f6c8e elementor-widget elementor-widget-heading\" data-id=\"280f6c8e\" data-element_type=\"widget\" data-widget_type=\"heading.default\">\n\t\t\t\t<div class=\"elementor-widget-container\">\n\t\t\t<h2 class=\"elementor-heading-title elementor-size-default\">Festival der Stille, Kaiserstuhl<\/h2>\t\t<\/div>\n\t\t\t\t<\/div>\n\t\t\t\t<div class=\"elementor-element elementor-element-5e5bccb8 elementor-widget elementor-widget-text-editor\" data-id=\"5e5bccb8\" data-element_type=\"widget\" data-widget_type=\"text-editor.default\">\n\t\t\t\t<div class=\"elementor-widget-container\">\n\t\t\t\t\t<div class=\"elementor-text-editor elementor-clearfix\"><p><strong>\u201eOb temperamentvoll oder gef\u00fchlvoll, divenhaft oder burschikos, Maria Gerter\u00a0<\/strong><strong>bezauberte mit ihrer Stimme und ihren Liedern und Chansons. Mit ihrem\u00a0<\/strong><strong>vielseitigen, wunderbaren Sopran gab sie jedem Gesangsst\u00fcck den eigenen\u00a0<\/strong><strong>Charakter und begeisterte so das Publikum.<\/strong><br \/><strong>Nach einem tosenden Beifall des begeisterten Kaiserb\u00fchne-Publikums gab die\u00a0<\/strong><strong>sympathische S\u00e4ngerin den ber\u00fchmten Song \u201eLili Marleen\u201c als Zugabe.\u201e<\/strong><br \/><strong>Zurzacher Zeitung<\/strong><br \/><strong>Autor unbekannt<\/strong><\/p><p>\u00a0<\/p><\/div>\n\t\t\t\t<\/div>\n\t\t\t\t<\/div>\n\t\t\t\t<div class=\"elementor-element elementor-element-6765baec elementor-widget-divider--view-line elementor-widget elementor-widget-divider\" data-id=\"6765baec\" data-element_type=\"widget\" data-widget_type=\"divider.default\">\n\t\t\t\t<div class=\"elementor-widget-container\">\n\t\t\t\t\t<div class=\"elementor-divider\">\n\t\t\t<span class=\"elementor-divider-separator\">\n\t\t\t\t\t\t<\/span>\n\t\t<\/div>\n\t\t\t\t<\/div>\n\t\t\t\t<\/div>\n\t\t\t\t\t\t<\/div>\n\t\t\t\t\t<\/div>\n\t\t<\/div>\n\t\t\t\t<div class=\"elementor-column elementor-col-50 elementor-top-column elementor-element elementor-element-e337721\" data-id=\"e337721\" data-element_type=\"column\">\n\t\t\t<div class=\"elementor-column-wrap elementor-element-populated\">\n\t\t\t\t\t\t\t<div class=\"elementor-widget-wrap\">\n\t\t\t\t\t\t<div class=\"elementor-element elementor-element-fa96426 elementor-widget elementor-widget-image\" data-id=\"fa96426\" data-element_type=\"widget\" data-widget_type=\"image.default\">\n\t\t\t\t<div class=\"elementor-widget-container\">\n\t\t\t\t\t<div class=\"elementor-image\">\n\t\t\t\t\t\t\t\t\t\t\t<a href=\"https:\/\/www.mariagerter.com\/wp-content\/uploads\/2020\/06\/Kritik-Kaiserstuhl-vergr\u00f6ssern.jpg\" data-elementor-open-lightbox=\"yes\" data-elementor-lightbox-title=\"Kritik Kaiserstuhl vergr\u00f6ssern\">\n\t\t\t\t\t\t\t<img src=\"https:\/\/www.mariagerter.com\/wp-content\/uploads\/elementor\/thumbs\/Kritik-Kaiserstuhl-vergr\u00f6ssern-p2rfxa1b9ul8dxvua4x8c5wlupn9y1wknx74iuh0pk.jpg\" title=\"Kritik Kaiserstuhl vergr\u00f6ssern\" alt=\"Kritik Kaiserstuhl vergr\u00f6ssern\" \/>\t\t\t\t\t\t\t\t<\/a>\n\t\t\t\t\t\t\t\t\t\t\t<\/div>\n\t\t\t\t<\/div>\n\t\t\t\t<\/div>\n\t\t\t\t\t\t<\/div>\n\t\t\t\t\t<\/div>\n\t\t<\/div>\n\t\t\t\t\t\t\t\t<\/div>\n\t\t\t\t\t<\/div>\n\t\t<\/section>\n\t\t\t\t<section class=\"elementor-section elementor-top-section elementor-element elementor-element-1c6fabc1 elementor-section-boxed elementor-section-height-default elementor-section-height-default\" data-id=\"1c6fabc1\" data-element_type=\"section\" data-settings=\"{&quot;background_background&quot;:&quot;classic&quot;}\">\n\t\t\t\t\t\t<div class=\"elementor-container elementor-column-gap-default\">\n\t\t\t\t\t\t\t<div class=\"elementor-row\">\n\t\t\t\t\t<div class=\"elementor-column elementor-col-100 elementor-top-column elementor-element elementor-element-c5d920e\" data-id=\"c5d920e\" data-element_type=\"column\">\n\t\t\t<div class=\"elementor-column-wrap elementor-element-populated\">\n\t\t\t\t\t\t\t<div class=\"elementor-widget-wrap\">\n\t\t\t\t\t\t<div class=\"elementor-element elementor-element-4132c436 elementor-widget elementor-widget-heading\" data-id=\"4132c436\" data-element_type=\"widget\" data-widget_type=\"heading.default\">\n\t\t\t\t<div class=\"elementor-widget-container\">\n\t\t\t<h2 class=\"elementor-heading-title elementor-size-default\">Weitere Artikel zum Nachlesen:<\/h2>\t\t<\/div>\n\t\t\t\t<\/div>\n\t\t\t\t<div class=\"elementor-element elementor-element-90f0f64 elementor-widget elementor-widget-text-editor\" data-id=\"90f0f64\" data-element_type=\"widget\" data-widget_type=\"text-editor.default\">\n\t\t\t\t<div class=\"elementor-widget-container\">\n\t\t\t\t\t<div class=\"elementor-text-editor elementor-clearfix\"><p>Schlossoper Weikersheim:<br><a href=\"https:\/\/www.nmz.de\/artikel\/hokuspokus-gutes-spiel\">https:\/\/www.nmz.de\/artikel\/hokuspokus-gutes-spiel<\/a><\/p>\n<p>Kultur im Schloss Illertissen<br><a href=\"https:\/\/schloss-classics.de\/presse\/gerter.html\">https:\/\/schloss-classics.de\/presse\/gerter.html<\/a><\/p><\/div>\n\t\t\t\t<\/div>\n\t\t\t\t<\/div>\n\t\t\t\t<div class=\"elementor-element elementor-element-5ee9ab3 elementor-widget elementor-widget-image\" data-id=\"5ee9ab3\" data-element_type=\"widget\" data-widget_type=\"image.default\">\n\t\t\t\t<div class=\"elementor-widget-container\">\n\t\t\t\t\t<div class=\"elementor-image\">\n\t\t\t\t\t\t\t\t\t\t<img width=\"1024\" height=\"861\" src=\"https:\/\/www.mariagerter.com\/wp-content\/uploads\/2020\/06\/Kritik-Gerter-Trio-1024x861.jpg\" class=\"attachment-large size-large\" alt=\"\" loading=\"lazy\" srcset=\"https:\/\/www.mariagerter.com\/wp-content\/uploads\/2020\/06\/Kritik-Gerter-Trio-1024x861.jpg 1024w, https:\/\/www.mariagerter.com\/wp-content\/uploads\/2020\/06\/Kritik-Gerter-Trio-300x252.jpg 300w, https:\/\/www.mariagerter.com\/wp-content\/uploads\/2020\/06\/Kritik-Gerter-Trio-768x646.jpg 768w, https:\/\/www.mariagerter.com\/wp-content\/uploads\/2020\/06\/Kritik-Gerter-Trio-1536x1292.jpg 1536w, https:\/\/www.mariagerter.com\/wp-content\/uploads\/2020\/06\/Kritik-Gerter-Trio-2048x1722.jpg 2048w\" sizes=\"(max-width: 1024px) 100vw, 1024px\" \/>\t\t\t\t\t\t\t\t\t\t\t<\/div>\n\t\t\t\t<\/div>\n\t\t\t\t<\/div>\n\t\t\t\t<div class=\"elementor-element elementor-element-c59b6ac elementor-widget elementor-widget-image\" data-id=\"c59b6ac\" data-element_type=\"widget\" data-widget_type=\"image.default\">\n\t\t\t\t<div class=\"elementor-widget-container\">\n\t\t\t\t\t<div class=\"elementor-image\">\n\t\t\t\t\t\t\t\t\t\t<img width=\"792\" height=\"1024\" src=\"https:\/\/www.mariagerter.com\/wp-content\/uploads\/2020\/06\/Kritik-Trio-Pfronten-792x1024.jpg\" class=\"attachment-large size-large\" alt=\"\" loading=\"lazy\" srcset=\"https:\/\/www.mariagerter.com\/wp-content\/uploads\/2020\/06\/Kritik-Trio-Pfronten-792x1024.jpg 792w, https:\/\/www.mariagerter.com\/wp-content\/uploads\/2020\/06\/Kritik-Trio-Pfronten-232x300.jpg 232w, https:\/\/www.mariagerter.com\/wp-content\/uploads\/2020\/06\/Kritik-Trio-Pfronten-768x993.jpg 768w, https:\/\/www.mariagerter.com\/wp-content\/uploads\/2020\/06\/Kritik-Trio-Pfronten-1188x1536.jpg 1188w, https:\/\/www.mariagerter.com\/wp-content\/uploads\/2020\/06\/Kritik-Trio-Pfronten-1584x2048.jpg 1584w, https:\/\/www.mariagerter.com\/wp-content\/uploads\/2020\/06\/Kritik-Trio-Pfronten-scaled.jpg 1980w\" sizes=\"(max-width: 792px) 100vw, 792px\" \/>\t\t\t\t\t\t\t\t\t\t\t<\/div>\n\t\t\t\t<\/div>\n\t\t\t\t<\/div>\n\t\t\t\t<div class=\"elementor-element elementor-element-2644e0e3 elementor-widget-divider--view-line elementor-widget elementor-widget-divider\" data-id=\"2644e0e3\" data-element_type=\"widget\" data-widget_type=\"divider.default\">\n\t\t\t\t<div class=\"elementor-widget-container\">\n\t\t\t\t\t<div class=\"elementor-divider\">\n\t\t\t<span class=\"elementor-divider-separator\">\n\t\t\t\t\t\t<\/span>\n\t\t<\/div>\n\t\t\t\t<\/div>\n\t\t\t\t<\/div>\n\t\t\t\t\t\t<\/div>\n\t\t\t\t\t<\/div>\n\t\t<\/div>\n\t\t\t\t\t\t\t\t<\/div>\n\t\t\t\t\t<\/div>\n\t\t<\/section>\n\t\t\t\t\t\t<\/div>\n\t\t\t\t\t\t<\/div>\n\t\t\t\t\t<\/div>","protected":false},"excerpt":{"rendered":"<p>PRESSE Stunde der Kammermusik, Laichingen \u201eMaria Gerter lebt ihre musikalischen Interpretationen in grosser Farbigkeit und&nbsp;reich differenzierter Harmonik, fesselt damit ihr Publikum, kann aber&nbsp;selbstverst\u00e4ndlich noch mehr&#8230;\u201c\u201eWas f\u00fcr eine Ausstrahlung! Was f\u00fcr eine Stimme! Welch`, mitreissende F\u00e4higkeit&nbsp;ein Publikum in den Bann zu ziehen, von dem sie immer wieder mit Bravo &#8211; Rufen&nbsp;belohnt wird&#8230;\u201c Schw\u00e4bische ZeitungBrigitte Scheiffele Den [&hellip;]<\/p>","protected":false},"author":1,"featured_media":0,"parent":0,"menu_order":0,"comment_status":"closed","ping_status":"closed","template":"","meta":[],"_links":{"self":[{"href":"https:\/\/www.mariagerter.com\/en\/wp-json\/wp\/v2\/pages\/260"}],"collection":[{"href":"https:\/\/www.mariagerter.com\/en\/wp-json\/wp\/v2\/pages"}],"about":[{"href":"https:\/\/www.mariagerter.com\/en\/wp-json\/wp\/v2\/types\/page"}],"author":[{"embeddable":true,"href":"https:\/\/www.mariagerter.com\/en\/wp-json\/wp\/v2\/users\/1"}],"replies":[{"embeddable":true,"href":"https:\/\/www.mariagerter.com\/en\/wp-json\/wp\/v2\/comments?post=260"}],"version-history":[{"count":9,"href":"https:\/\/www.mariagerter.com\/en\/wp-json\/wp\/v2\/pages\/260\/revisions"}],"predecessor-version":[{"id":366,"href":"https:\/\/www.mariagerter.com\/en\/wp-json\/wp\/v2\/pages\/260\/revisions\/366"}],"wp:attachment":[{"href":"https:\/\/www.mariagerter.com\/en\/wp-json\/wp\/v2\/media?parent=260"}],"curies":[{"name":"wp","href":"https:\/\/api.w.org\/{rel}","templated":true}]}}